{"id":21,"date":"2022-11-25T08:58:00","date_gmt":"2022-11-25T07:58:00","guid":{"rendered":"https:\/\/ha.hainaut.be\/resultats\/?page_id=21"},"modified":"2023-04-05T11:27:33","modified_gmt":"2023-04-05T09:27:33","slug":"bibliographie","status":"publish","type":"page","link":"https:\/\/ha.hainaut.be\/resultats\/bibliographie\/","title":{"rendered":"Bibliographie"},"content":{"rendered":"\n<h3 class=\"wp-block-heading\">Retrouvez toutes nos r\u00e9f\u00e9rences<\/h3>\n\n\n\n<div class=\"wp-block-group alignwide dgsi-shadow has-background is-layout-flow wp-block-group-is-layout-flow\" style=\"border-radius:15px;border-top-style:none;border-top-width:0px;border-right-style:none;border-right-width:0px;border-bottom-style:none;border-bottom-width:0px;border-left-color:#1cc5f5;border-left-width:35px;background-color:#ffad140d;padding-top:var(--wp--preset--spacing--30);padding-right:0;padding-bottom:var(--wp--preset--spacing--30);padding-left:0\">\n<div class=\"wp-block-uagb-info-box uagb-block-82537bee uagb-infobox__content-wrap  uagb-infobox-icon-left-title uagb-infobox-left uagb-infobox-image-valign-middle\"><div class=\"uagb-ifb-content\"><div class=\"uagb-ifb-left-title-image\"><div class=\"uagb-ifb-title-wrap\"><h4 class=\"uagb-ifb-title\">Ejustice<\/h4><\/div><\/div><p class=\"uagb-ifb-desc\">&#8211; <a href=\"http:\/\/www.ejustice.just.fgov.be\/loi\/loi.htm\" target=\"_blank\" rel=\"noreferrer noopener\">http:\/\/www.ejustice.just.fgov.be\/loi\/loi.htm<\/a><\/p><\/div><\/div>\n\n\n\n<hr class=\"wp-block-separator has-text-color has-alpha-channel-opacity has-background is-style-wide\" style=\"margin-top:var(--wp--preset--spacing--30);margin-bottom:5px;background-color:#1cc5f5;color:#1cc5f5\"\/>\n\n\n\n<div class=\"wp-block-uagb-info-box uagb-block-897ad7a5 uagb-infobox__content-wrap  uagb-infobox-icon-left-title uagb-infobox-left uagb-infobox-image-valign-middle\"><div class=\"uagb-ifb-content\"><div class=\"uagb-ifb-left-title-image\"><div class=\"uagb-ifb-title-wrap\"><h4 class=\"uagb-ifb-title\">REquasud<\/h4><\/div><\/div><p class=\"uagb-ifb-desc\">&#8211; <a href=\"http:\/\/www.requasud.be\/wp-content\/uploads\/2017\/07\/brochure_requasud_microbio.pdf\" target=\"_blank\" rel=\"noreferrer noopener\">http:\/\/www.requasud.be\/wp-content\/uploads\/2017\/07\/brochure_requasud_microbio.pdf<\/a><\/p><\/div><\/div>\n\n\n\n<hr class=\"wp-block-separator has-text-color has-alpha-channel-opacity has-background is-style-wide\" style=\"margin-top:var(--wp--preset--spacing--30);margin-bottom:5px;background-color:#1cc5f5;color:#1cc5f5\"\/>\n\n\n\n<div class=\"wp-block-uagb-info-box uagb-block-6881cf16 uagb-infobox__content-wrap  uagb-infobox-icon-left-title uagb-infobox-left uagb-infobox-image-valign-middle\"><div class=\"uagb-ifb-content\"><div class=\"uagb-ifb-left-title-image\"><div class=\"uagb-ifb-title-wrap\"><h4 class=\"uagb-ifb-title\">S\u00c9CURIT\u00c9 alimentaire public<\/h4><\/div><\/div><p class=\"uagb-ifb-desc\">&#8211; <a href=\"https:\/\/securite-alimentaire.public.lu\/dam-assets\/fr\/professionnel\/Denrees-alimentaires\/Qualite-microbiologique\/recueil_criteres_microbiologiques\/F-054-05.pdf\" target=\"_blank\" rel=\"noreferrer noopener\">https:\/\/securite-alimentaire.public.lu\/dam-assets\/fr\/professionnel\/Denrees-alimentaires\/Qualite-microbiologique\/recueil_criteres_microbiologiques\/F-054-05.pdf<\/a><\/p><\/div><\/div>\n\n\n\n<hr class=\"wp-block-separator has-text-color has-alpha-channel-opacity has-background is-style-wide\" style=\"margin-top:var(--wp--preset--spacing--30);margin-bottom:5px;background-color:#1cc5f5;color:#1cc5f5\"\/>\n\n\n\n<div class=\"wp-block-uagb-info-box uagb-block-03b0fb1d uagb-infobox__content-wrap  uagb-infobox-icon-left-title uagb-infobox-left uagb-infobox-image-valign-middle\"><div class=\"uagb-ifb-content\"><div class=\"uagb-ifb-left-title-image\"><div class=\"uagb-ifb-title-wrap\"><h4 class=\"uagb-ifb-title\">LOZERE<\/h4><\/div><\/div><p class=\"uagb-ifb-desc\">&#8211; <a href=\"http:\/\/lda.lozere.fr\/sites\/default\/files\/upload\/bacterio_alimentaire_ok.pdf\" target=\"_blank\" rel=\"noreferrer noopener\">http:\/\/lda.lozere.fr\/sites\/default\/files\/upload\/bacterio_alimentaire_ok.pdf<\/a><\/p><\/div><\/div>\n\n\n\n<hr class=\"wp-block-separator has-text-color has-alpha-channel-opacity has-background is-style-wide\" style=\"margin-top:var(--wp--preset--spacing--30);margin-bottom:5px;background-color:#1cc5f5;color:#1cc5f5\"\/>\n\n\n\n<div class=\"wp-block-uagb-info-box uagb-block-56e7bc66 uagb-infobox__content-wrap  uagb-infobox-icon-left-title uagb-infobox-left uagb-infobox-image-valign-middle\"><div class=\"uagb-ifb-content\"><div class=\"uagb-ifb-left-title-image\"><div class=\"uagb-ifb-title-wrap\"><h4 class=\"uagb-ifb-title\">Sciensano<\/h4><\/div><\/div><p class=\"uagb-ifb-desc\">&#8211; <a href=\"https:\/\/www.sciensano.be\/fr\/sujets-sante\/e-coli-pathogenes#qu-est-ce-que-le-syndrome-h-molytique-et-ur-mique-\" target=\"_blank\" rel=\"noreferrer noopener\">https:\/\/www.sciensano.be\/fr\/sujets-sante\/e-coli-pathogenes#qu-est-ce-que-le-syndrome-h-molytique-et-ur-mique-<\/a><\/p><\/div><\/div>\n\n\n\n<hr class=\"wp-block-separator has-text-color has-alpha-channel-opacity has-background is-style-wide\" style=\"margin-top:var(--wp--preset--spacing--30);margin-bottom:5px;background-color:#1cc5f5;color:#1cc5f5\"\/>\n\n\n\n<div class=\"wp-block-uagb-info-box uagb-block-4fca2e1d uagb-infobox__content-wrap  uagb-infobox-icon-left-title uagb-infobox-left uagb-infobox-image-valign-middle\"><div class=\"uagb-ifb-content\"><div class=\"uagb-ifb-left-title-image\"><div class=\"uagb-ifb-title-wrap\"><h4 class=\"uagb-ifb-title\">mapaq<\/h4><\/div><\/div><p class=\"uagb-ifb-desc\">&#8211; <a href=\"https:\/\/www.mapaq.gouv.qc.ca\/fr\/Publications\/recueil.pdf\" target=\"_blank\" rel=\"noreferrer noopener\">https:\/\/www.mapaq.gouv.qc.ca\/fr\/Publications\/recueil.pdf<\/a><\/p><\/div><\/div>\n\n\n\n<hr class=\"wp-block-separator has-text-color has-alpha-channel-opacity has-background is-style-wide\" style=\"margin-top:var(--wp--preset--spacing--30);margin-bottom:5px;background-color:#1cc5f5;color:#1cc5f5\"\/>\n\n\n\n<div class=\"wp-block-uagb-info-box uagb-block-552f7753 uagb-infobox__content-wrap  uagb-infobox-icon-left-title uagb-infobox-left uagb-infobox-image-valign-middle\"><div class=\"uagb-ifb-content\"><div class=\"uagb-ifb-left-title-image\"><div class=\"uagb-ifb-title-wrap\"><h4 class=\"uagb-ifb-title\">S\u00c9curit\u00c9 alimentaire<\/h4><\/div><\/div><p class=\"uagb-ifb-desc\">&#8211; <a href=\"https:\/\/www.securite-alimentaire.com\/actualites\/l-interpretation-des-analyses-microbiologiques\" target=\"_blank\" rel=\"noreferrer noopener\">https:\/\/www.securite-alimentaire.com\/actualites\/l-interpretation-des-analyses-microbiologiques<\/a><\/p><\/div><\/div>\n\n\n\n<hr class=\"wp-block-separator has-text-color has-alpha-channel-opacity has-background is-style-wide\" style=\"margin-top:var(--wp--preset--spacing--30);margin-bottom:5px;background-color:#1cc5f5;color:#1cc5f5\"\/>\n\n\n\n<div class=\"wp-block-uagb-info-box uagb-block-170f3fc0 uagb-infobox__content-wrap  uagb-infobox-icon-left-title uagb-infobox-left uagb-infobox-image-valign-middle\"><div class=\"uagb-ifb-content\"><div class=\"uagb-ifb-left-title-image\"><div class=\"uagb-ifb-title-wrap\"><h4 class=\"uagb-ifb-title\">safewater<\/h4><\/div><\/div><p class=\"uagb-ifb-desc\">&#8211; <a href=\"https:\/\/www.safewater.org\/french-operation-water-drop\/2017\/5\/17\/analyse-de-couleur-pour-lmentaires-opration-goutte-deau\" target=\"_blank\" rel=\"noreferrer noopener\">https:\/\/www.safewater.org\/french-operation-water-drop\/2017\/5\/17\/analyse-de-couleur-pour-lmentaires-opration-goutte-deau<\/a><\/p><\/div><\/div>\n\n\n\n<hr class=\"wp-block-separator has-text-color has-alpha-channel-opacity has-background is-style-wide\" style=\"margin-top:var(--wp--preset--spacing--30);margin-bottom:5px;background-color:#1cc5f5;color:#1cc5f5\"\/>\n\n\n\n<div class=\"wp-block-uagb-info-box uagb-block-1b88dd6e uagb-infobox__content-wrap  uagb-infobox-icon-left-title uagb-infobox-left uagb-infobox-image-valign-middle\"><div class=\"uagb-ifb-content\"><div class=\"uagb-ifb-left-title-image\"><div class=\"uagb-ifb-title-wrap\"><h4 class=\"uagb-ifb-title\">Inbw<\/h4><\/div><\/div><p class=\"uagb-ifb-desc\">&#8211; <a href=\"http:\/\/- https:\/\/www.inbw.be\/quest-ce-que-la-durete-de-leau\" target=\"_blank\" rel=\"noreferrer noopener\">https:\/\/www.inbw.be\/quest-ce-que-la-durete-de-leau<\/a><\/p><\/div><\/div>\n\n\n\n<hr class=\"wp-block-separator has-text-color has-alpha-channel-opacity has-background is-style-wide\" style=\"margin-top:var(--wp--preset--spacing--30);margin-bottom:5px;background-color:#1cc5f5;color:#1cc5f5\"\/>\n\n\n\n<div class=\"wp-block-uagb-info-box uagb-block-ee4fe9b2 uagb-infobox__content-wrap  uagb-infobox-icon-left-title uagb-infobox-left uagb-infobox-image-valign-middle\"><div class=\"uagb-ifb-content\"><div class=\"uagb-ifb-left-title-image\"><div class=\"uagb-ifb-title-wrap\"><h4 class=\"uagb-ifb-title\">Canada<\/h4><\/div><\/div><p class=\"uagb-ifb-desc\">&#8211; <a href=\"https:\/\/www.canada.ca\/fr\/sante-canada\/services\/publications\/vie-saine\/recommandations-pour-qualite-eau-potable-canada-document-technique-durete.html\" target=\"_blank\" rel=\"noreferrer noopener\">https:\/\/www.canada.ca\/fr\/sante-canada\/services\/publications\/vie-saine\/recommandations-pour-qualite-eau-potable-canada-document-technique-durete.html<\/a><br><br>&#8211; <a href=\"https:\/\/www.canada.ca\/fr\/sante-canada\/services\/publications\/vie-saine\/recommandations-pour-qualite-eau-potable-canada-document-technique-bore.html\" target=\"_blank\" rel=\"noreferrer noopener\">https:\/\/www.canada.ca\/fr\/sante-canada\/services\/publications\/vie-saine\/recommandations-pour-qualite-eau-potable-canada-document-technique-bore.html<\/a><br><br>&#8211; <a href=\"https:\/\/www.canada.ca\/fr\/sante-canada\/programmes\/consultation-bore-eau-potable\/document.html\" target=\"_blank\" rel=\"noreferrer noopener\">https:\/\/www.canada.ca\/fr\/sante-canada\/programmes\/consultation-bore-eau-potable\/document.html<\/a><\/p><\/div><\/div>\n\n\n\n<hr class=\"wp-block-separator has-text-color has-alpha-channel-opacity has-background is-style-wide\" style=\"margin-top:var(--wp--preset--spacing--30);margin-bottom:5px;background-color:#1cc5f5;color:#1cc5f5\"\/>\n\n\n\n<div class=\"wp-block-uagb-info-box uagb-block-29287947 uagb-infobox__content-wrap  uagb-infobox-icon-left-title uagb-infobox-left uagb-infobox-image-valign-middle\"><div class=\"uagb-ifb-content\"><div class=\"uagb-ifb-left-title-image\"><div class=\"uagb-ifb-title-wrap\"><h4 class=\"uagb-ifb-title\">SERVICE PUBLIC F\u00c9D\u00c9RAL &#8211; SANT\u00c9 PUBLIQUE, S\u00c9CURIT\u00c9 DE LA CHAINE ALIMENTAIRE ET ENVIRONNEMENT<\/h4><\/div><\/div><p class=\"uagb-ifb-desc\">&#8211; <a rel=\"noreferrer noopener\" href=\"https:\/\/www.health.belgium.be\/fr\/alimentation\/securite-alimentaire\/contaminants-chimiques\/contaminants-environnementaux\/les-metaux\" target=\"_blank\">https:\/\/www.health.belgium.be\/fr\/alimentation\/securite-alimentaire\/contaminants-chimiques\/contaminants-environnementaux\/les-metaux<\/a><br><br>&#8211; <a href=\"https:\/\/www.health.belgium.be\/fr\/les-legionelles\" target=\"_blank\" rel=\"noreferrer noopener\">https:\/\/www.health.belgium.be\/fr\/les-legionelles<\/a><\/p><\/div><\/div>\n\n\n\n<hr class=\"wp-block-separator has-text-color has-alpha-channel-opacity has-background is-style-wide\" style=\"margin-top:var(--wp--preset--spacing--30);margin-bottom:5px;background-color:#1cc5f5;color:#1cc5f5\"\/>\n\n\n\n<div class=\"wp-block-uagb-info-box uagb-block-4b485f9a uagb-infobox__content-wrap  uagb-infobox-icon-left-title uagb-infobox-left uagb-infobox-image-valign-middle\"><div class=\"uagb-ifb-content\"><div class=\"uagb-ifb-left-title-image\"><div class=\"uagb-ifb-title-wrap\"><h4 class=\"uagb-ifb-title\">Espace cfbw<\/h4><\/div><\/div><p class=\"uagb-ifb-desc\">&#8211; <a href=\"http:\/\/www.espace.cfwb.be\/sippt\/Motscles.php#L\" target=\"_blank\" rel=\"noreferrer noopener\">http:\/\/www.espace.cfwb.be\/sippt\/Motscles.php#L<\/a><\/p><\/div><\/div>\n\n\n\n<hr class=\"wp-block-separator has-text-color has-alpha-channel-opacity has-background is-style-wide\" style=\"margin-top:var(--wp--preset--spacing--30);margin-bottom:5px;background-color:#1cc5f5;color:#1cc5f5\"\/>\n\n\n\n<div class=\"wp-block-uagb-info-box uagb-block-d5d9aaa9 uagb-infobox__content-wrap  uagb-infobox-icon-left-title uagb-infobox-left uagb-infobox-image-valign-middle\"><div class=\"uagb-ifb-content\"><div class=\"uagb-ifb-left-title-image\"><div class=\"uagb-ifb-title-wrap\"><h4 class=\"uagb-ifb-title\">labo 17<\/h4><\/div><\/div><p class=\"uagb-ifb-desc\">&#8211; <a href=\"http:\/\/www.labo17environnement.fr\/pdf\/Ap2-2.pdf\" target=\"_blank\" rel=\"noreferrer noopener\">http:\/\/www.labo17environnement.fr\/pdf\/Ap2-2.pdf<\/a><\/p><\/div><\/div>\n\n\n\n<hr class=\"wp-block-separator has-text-color has-alpha-channel-opacity has-background is-style-wide\" style=\"margin-top:var(--wp--preset--spacing--30);margin-bottom:5px;background-color:#1cc5f5;color:#1cc5f5\"\/>\n\n\n\n<div class=\"wp-block-uagb-info-box uagb-block-2741a47b uagb-infobox__content-wrap  uagb-infobox-icon-left-title uagb-infobox-left uagb-infobox-image-valign-middle\"><div class=\"uagb-ifb-content\"><div class=\"uagb-ifb-left-title-image\"><div class=\"uagb-ifb-title-wrap\"><h4 class=\"uagb-ifb-title\">sfmu<\/h4><\/div><\/div><p class=\"uagb-ifb-desc\">&#8211; <a href=\"https:\/\/www.sfmu.org\/toxin\/EAU\/DIVERS\/LISTPARA.HTM\" target=\"_blank\" rel=\"noreferrer noopener\">https:\/\/www.sfmu.org\/toxin\/EAU\/DIVERS\/LISTPARA.HTM<\/a><\/p><\/div><\/div>\n\n\n\n<hr class=\"wp-block-separator has-text-color has-alpha-channel-opacity has-background is-style-wide\" style=\"margin-top:var(--wp--preset--spacing--30);margin-bottom:5px;background-color:#1cc5f5;color:#1cc5f5\"\/>\n\n\n\n<div class=\"wp-block-uagb-info-box uagb-block-e5afe133 uagb-infobox__content-wrap  uagb-infobox-icon-left-title uagb-infobox-left uagb-infobox-image-valign-middle\"><div class=\"uagb-ifb-content\"><div class=\"uagb-ifb-left-title-image\"><div class=\"uagb-ifb-title-wrap\"><h4 class=\"uagb-ifb-title\">cpias<\/h4><\/div><\/div><p class=\"uagb-ifb-desc\">&#8211; <a href=\"http:\/\/www.cpias-auvergnerhonealpes.fr\/Doc_Reco\/guides\/FCPRI\/Architecture\/ARCH_Pseudomonas.pdf\" target=\"_blank\" rel=\"noreferrer noopener\">http:\/\/www.cpias-auvergnerhonealpes.fr\/Doc_Reco\/guides\/FCPRI\/Architecture\/ARCH_Pseudomonas.pdf<\/a><\/p><\/div><\/div>\n\n\n\n<hr class=\"wp-block-separator has-text-color has-alpha-channel-opacity has-background is-style-wide\" style=\"margin-top:var(--wp--preset--spacing--30);margin-bottom:5px;background-color:#1cc5f5;color:#1cc5f5\"\/>\n\n\n\n<div class=\"wp-block-uagb-info-box uagb-block-e8078592 uagb-infobox__content-wrap  uagb-infobox-icon-left-title uagb-infobox-left uagb-infobox-image-valign-middle\"><div class=\"uagb-ifb-content\"><div class=\"uagb-ifb-left-title-image\"><div class=\"uagb-ifb-title-wrap\"><h4 class=\"uagb-ifb-title\">inspq<\/h4><\/div><\/div><p class=\"uagb-ifb-desc\">&#8211; <a href=\"https:\/\/www.inspq.qc.ca\/sites\/default\/files\/publications\/2501_qualite_eaux_recreatives_risques_sante.pdf\" target=\"_blank\" rel=\"noreferrer noopener\">https:\/\/www.inspq.qc.ca\/sites\/default\/files\/publications\/2501_qualite_eaux_recreatives_risques_sante.pdf<\/a><\/p><\/div><\/div>\n<\/div>\n","protected":false},"excerpt":{"rendered":"<p>Retrouvez toutes nos r\u00e9f\u00e9rences<\/p>\n","protected":false},"author":1,"featured_media":0,"parent":0,"menu_order":0,"comment_status":"closed","ping_status":"closed","template":"","meta":{"_acf_changed":false,"_uag_custom_page_level_css":"","footnotes":""},"class_list":["post-21","page","type-page","status-publish","hentry"],"acf":[],"uagb_featured_image_src":{"full":false,"thumbnail":false,"medium":false,"medium_large":false,"large":false,"1536x1536":false,"2048x2048":false},"uagb_author_info":{"display_name":"support-web","author_link":"https:\/\/ha.hainaut.be\/resultats\/author\/support-web\/"},"uagb_comment_info":0,"uagb_excerpt":"Retrouvez toutes nos r\u00e9f\u00e9rences","_links":{"self":[{"href":"https:\/\/ha.hainaut.be\/resultats\/wp-json\/wp\/v2\/pages\/21","targetHints":{"allow":["GET"]}}],"collection":[{"href":"https:\/\/ha.hainaut.be\/resultats\/wp-json\/wp\/v2\/pages"}],"about":[{"href":"https:\/\/ha.hainaut.be\/resultats\/wp-json\/wp\/v2\/types\/page"}],"author":[{"embeddable":true,"href":"https:\/\/ha.hainaut.be\/resultats\/wp-json\/wp\/v2\/users\/1"}],"replies":[{"embeddable":true,"href":"https:\/\/ha.hainaut.be\/resultats\/wp-json\/wp\/v2\/comments?post=21"}],"version-history":[{"count":1,"href":"https:\/\/ha.hainaut.be\/resultats\/wp-json\/wp\/v2\/pages\/21\/revisions"}],"predecessor-version":[{"id":1325,"href":"https:\/\/ha.hainaut.be\/resultats\/wp-json\/wp\/v2\/pages\/21\/revisions\/1325"}],"wp:attachment":[{"href":"https:\/\/ha.hainaut.be\/resultats\/wp-json\/wp\/v2\/media?parent=21"}],"curies":[{"name":"wp","href":"https:\/\/api.w.org\/{rel}","templated":true}]}}