{"id":14,"date":"2022-11-25T08:19:50","date_gmt":"2022-11-25T07:19:50","guid":{"rendered":"https:\/\/ha.hainaut.be\/resultats\/?page_id=14"},"modified":"2024-10-10T12:21:52","modified_gmt":"2024-10-10T10:21:52","slug":"accueil","status":"publish","type":"page","link":"https:\/\/ha.hainaut.be\/resultats\/","title":{"rendered":"Accueil"},"content":{"rendered":"\n<div class=\"wp-block-group alignfull has-global-padding is-layout-constrained wp-block-group-is-layout-constrained\" style=\"margin-top:0;padding-top:0\">\n<div class=\"wp-block-columns alignfull has-background is-layout-flex wp-container-core-columns-is-layout-68b8f7e5 wp-block-columns-is-layout-flex\" style=\"background:linear-gradient(90deg,rgb(255,255,255) 58%,rgb(7,124,248) 58%);margin-top:0;margin-bottom:0;padding-bottom:0;padding-left:var(--wp--preset--spacing--40)\">\n<div class=\"wp-block-column is-vertically-aligned-center is-layout-flow wp-block-column-is-layout-flow\">\n<p class=\"has-text-color has-large-font-size\" style=\"color:#363636\"><strong>HAINAUT ANALYSES<\/strong><\/p>\n\n\n\n<h1 class=\"wp-block-heading has-text-color\" style=\"color:#363636;margin-top:0;margin-bottom:0;font-size:clamp(2.2rem, 2.2rem + ((1vw - 0.2rem) * 3.273), 4rem);font-style:normal;font-weight:800;text-transform:uppercase\">R\u00e9sultats<\/h1>\n\n\n\n<h1 class=\"wp-block-heading has-text-color\" style=\"color:#363636;margin-top:0;font-size:clamp(2.2rem, 2.2rem + ((1vw - 0.2rem) * 3.273), 4rem);font-style:normal;font-weight:800;text-transform:uppercase\">d&rsquo;analyses<\/h1>\n<\/div>\n\n\n\n<div class=\"wp-block-column is-vertically-aligned-bottom is-layout-flow wp-container-core-column-is-layout-63ad9b10 wp-block-column-is-layout-flow\" style=\"padding-bottom:0\">\n<figure class=\"wp-block-image size-full\"><img loading=\"lazy\" decoding=\"async\" width=\"853\" height=\"641\" src=\"https:\/\/ha.hainaut.be\/resultats\/wp-content\/uploads\/2022\/12\/photo_banner_home.png\" alt=\"\" class=\"wp-image-110\" srcset=\"https:\/\/ha.hainaut.be\/resultats\/wp-content\/uploads\/2022\/12\/photo_banner_home.png 853w, https:\/\/ha.hainaut.be\/resultats\/wp-content\/uploads\/2022\/12\/photo_banner_home-300x225.png 300w, https:\/\/ha.hainaut.be\/resultats\/wp-content\/uploads\/2022\/12\/photo_banner_home-768x577.png 768w\" sizes=\"auto, (max-width: 853px) 100vw, 853px\" \/><\/figure>\n<\/div>\n<\/div>\n<\/div>\n\n\n\n<div class=\"wp-block-group alignfull has-base-color has-text-color has-background has-link-color wp-elements-e274f7abb52a704e2131ab03578421d6 is-content-justification-left is-nowrap is-layout-flex wp-container-core-group-is-layout-06996f68 wp-block-group-is-layout-flex\" style=\"background-color:#061131;margin-top:0;padding-top:5px;padding-bottom:5px;padding-left:5%\"><div class=\"breadcrumbs align  wp-block-bcn-breadcrumb-trail has-text-color has-background\" vocab=\"https:\/\/schema.org\/\" typeof=\"BreadcrumbList\">\n\t<span><\/span>\n\t<span property=\"itemListElement\" typeof=\"ListItem\"><a property=\"item\" typeof=\"WebPage\" title=\"Aller \u00e0 Hainaut Analyses - R\u00e9sultats.\" href=\"https:\/\/ha.hainaut.be\/resultats\" class=\"home\" aria-current=\"page\"><span property=\"name\">Hainaut Analyses &#8211; R\u00e9sultats<\/span><\/a><meta property=\"position\" content=\"1\"><\/span><\/div>\n<\/div>\n\n\n\n<div class=\"wp-block-group alignwide is-layout-flow wp-block-group-is-layout-flow\" style=\"margin-top:var(--wp--preset--spacing--30)\">\n<div class=\"wp-block-columns is-layout-flex wp-container-core-columns-is-layout-28f84493 wp-block-columns-is-layout-flex\">\n<div class=\"wp-block-column is-vertically-aligned-center is-layout-flow wp-block-column-is-layout-flow\" style=\"flex-basis:33.33%\">\n<figure class=\"wp-block-image aligncenter size-full is-resized is-style-rounded\"><img loading=\"lazy\" decoding=\"async\" width=\"420\" height=\"420\" src=\"https:\/\/ha.hainaut.be\/resultats\/wp-content\/uploads\/2023\/01\/img_txt_intro.png\" alt=\"\" class=\"wp-image-222\" style=\"width:315px;height:315px\" srcset=\"https:\/\/ha.hainaut.be\/resultats\/wp-content\/uploads\/2023\/01\/img_txt_intro.png 420w, https:\/\/ha.hainaut.be\/resultats\/wp-content\/uploads\/2023\/01\/img_txt_intro-300x300.png 300w, https:\/\/ha.hainaut.be\/resultats\/wp-content\/uploads\/2023\/01\/img_txt_intro-150x150.png 150w\" sizes=\"auto, (max-width: 420px) 100vw, 420px\" \/><\/figure>\n<\/div>\n\n\n\n<div class=\"wp-block-column is-layout-flow wp-block-column-is-layout-flow\" style=\"flex-basis:66.66%\">\n<h2 class=\"wp-block-heading has-text-align-left has-text-color\" style=\"color:#102a3e;font-size:clamp(1.25rem, 1.25rem + ((1vw - 0.2rem) * 1.364), 2rem);font-style:normal;font-weight:700\">Interpr\u00e9tation des r\u00e9sultats d\u2019analyses<\/h2>\n\n\n\n<p>Toute entreprise se doit de ma\u00eetriser la qualit\u00e9 de ses produits et de l\u2019eau qu\u2019elle utilise tout au long de sa cha\u00eene de production.<\/p>\n\n\n\n<p>Les analyses r\u00e9alis\u00e9es au sein de nos laboratoires vous permettent, notamment, d\u2019\u00e9valuer la qualit\u00e9 des \u00e9chantillons que vous nous confiez.<\/p>\n\n\n\n<p>Des crit\u00e8res ou valeurs param\u00e9triques peuvent \u00eatre repris sur votre rapport d\u2019analyses et permettent de d\u00e9finir des niveaux de contamination maximums acceptables \u00e0 respecter selon la l\u00e9gislation ou les recommandations \u00e9tablies pour votre secteur.<\/p>\n\n\n\n<p>En cas de d\u00e9passement de ces valeurs, l\u2019\u00e9chantillon ne pourra pas \u00eatre consid\u00e9r\u00e9 conforme ou de qualit\u00e9 satisfaisante par rapport aux analyses r\u00e9alis\u00e9es.<\/p>\n<\/div>\n<\/div>\n<\/div>\n\n\n\n<div class=\"wp-block-group alignwide is-layout-flow wp-block-group-is-layout-flow\" style=\"margin-top:var(--wp--preset--spacing--30)\">\n<p><strong>Vous trouverez dans les liens suivants, des informations permettant d\u2019exploiter vos r\u00e9sultats d\u2019analyses :<\/strong><\/p>\n\n\n\n<ul style=\"line-height:2.5\" class=\"wp-block-list\">\n<li>vous souhaitez des informations suppl\u00e9mentaires sur vos r\u00e9sultats d\u2019<a href=\"https:\/\/ha.hainaut.be\/resultats\/categorie_resultats\/denrees\/\" data-type=\"page\" data-id=\"428\">analyses de denr\u00e9es alimentaires<\/a> ?<\/li>\n\n\n\n<li>vous souhaitez des informations suppl\u00e9mentaires sur vos r\u00e9sultats d\u2019<a href=\"https:\/\/ha.hainaut.be\/resultats\/categorie_resultats\/eaux\/\" data-type=\"page\" data-id=\"497\">analyses d\u2019eau<\/a> ?<\/li>\n\n\n\n<li>vous souhaitez des informations suppl\u00e9mentaires sur vos r\u00e9sultats de <a href=\"https:\/\/ha.hainaut.be\/resultats\/categorie_resultats\/legionelles\/\" data-type=\"page\" data-id=\"500\">d\u00e9tection des Legionelles<\/a> ?<\/li>\n\n\n\n<li>vous souhaitez des informations suppl\u00e9mentaires sur vos r\u00e9sultats d\u2019analyses de surfaces ?<\/li>\n\n\n\n<li>vous souhaitez des informations suppl\u00e9mentaires sur vos r\u00e9sultats d\u2019analyses de pr\u00e9l\u00e8vements d\u2019air ?<\/li>\n<\/ul>\n<\/div>\n\n\n\n<div class=\"wp-block-group alignwide has-base-background-color has-background has-global-padding is-layout-constrained wp-block-group-is-layout-constrained\">\n<div class=\"wp-block-group alignwide has-primary-background-color has-background has-global-padding is-layout-constrained wp-container-core-group-is-layout-54cd86cb wp-block-group-is-layout-constrained\" style=\"border-radius:15px;margin-top:0;margin-bottom:0;padding-top:0;padding-right:0;padding-bottom:0;padding-left:0\">\n<div class=\"wp-block-columns alignwide is-layout-flex wp-container-core-columns-is-layout-d7d455e7 wp-block-columns-is-layout-flex\" style=\"border-top-left-radius:15px;border-bottom-left-radius:15px;padding-top:0;padding-right:0;padding-bottom:0;padding-left:0\">\n<div class=\"wp-block-column dgsi-radius-left-top has-secondary-background-color has-background is-layout-flow wp-block-column-is-layout-flow\" style=\"padding-top:var(--wp--preset--spacing--30);padding-right:0;padding-bottom:var(--wp--preset--spacing--30);padding-left:0;flex-basis:33.33%\"><\/div>\n\n\n\n<div class=\"wp-block-column is-layout-flow wp-block-column-is-layout-flow\" style=\"padding-top:var(--wp--preset--spacing--30);padding-right:var(--wp--preset--spacing--30);padding-bottom:var(--wp--preset--spacing--30);padding-left:var(--wp--preset--spacing--30);flex-basis:66.66%\">\n<p class=\"has-base-color has-text-color\">Si malgr\u00e9 ces informations, vous souhaitez des conseils personnalis\u00e9s pour interpr\u00e9ter ou \u00e9valuer vos r\u00e9sultats d\u2019analyses, ou pour vous aider \u00e0 mettre en place des mesures pr\u00e9ventives ou correctives, n\u2019h\u00e9sitez pas \u00e0 prendre contact avec nos services :<\/p>\n\n\n\n<p class=\"has-base-color has-text-color\"><strong>Hainaut Analyses \u2013 Site de Mons \/ Service Hygi\u00e8ne et S\u00e9curit\u00e9 des Denr\u00e9es Alimentaires<\/strong><\/p>\n<\/div>\n<\/div>\n\n\n\n<div class=\"wp-block-columns alignwide is-layout-flex wp-container-core-columns-is-layout-28f84493 wp-block-columns-is-layout-flex\" style=\"border-top-left-radius:15px;border-bottom-left-radius:15px\">\n<div class=\"wp-block-column has-secondary-background-color has-background is-layout-flow wp-block-column-is-layout-flow\" style=\"padding-top:var(--wp--preset--spacing--30);padding-right:0;padding-bottom:var(--wp--preset--spacing--30);padding-left:0;flex-basis:33.33%\">\n<figure class=\"wp-block-image aligncenter size-full\"><img loading=\"lazy\" decoding=\"async\" width=\"34\" height=\"30\" src=\"https:\/\/ha.hainaut.be\/resultats\/wp-content\/uploads\/2023\/01\/icone_adresse.png\" alt=\"\" class=\"wp-image-239\"\/><\/figure>\n<\/div>\n\n\n\n<div class=\"wp-block-column is-layout-flow wp-block-column-is-layout-flow\" style=\"padding-top:var(--wp--preset--spacing--30);padding-right:var(--wp--preset--spacing--30);padding-bottom:var(--wp--preset--spacing--30);padding-left:var(--wp--preset--spacing--30);flex-basis:66.66%\">\n<p class=\"has-base-color has-text-color\">Adresse : Boulevard Sainctelette 55 &#8211; 7000 Mons<\/p>\n<\/div>\n<\/div>\n\n\n\n<div class=\"wp-block-columns alignwide is-layout-flex wp-container-core-columns-is-layout-28f84493 wp-block-columns-is-layout-flex\" style=\"border-top-left-radius:15px;border-bottom-left-radius:15px\">\n<div class=\"wp-block-column has-secondary-background-color has-background is-layout-flow wp-block-column-is-layout-flow\" style=\"padding-top:var(--wp--preset--spacing--30);padding-right:0;padding-bottom:var(--wp--preset--spacing--30);padding-left:0;flex-basis:33.33%\">\n<figure class=\"wp-block-image aligncenter size-full\"><img loading=\"lazy\" decoding=\"async\" width=\"31\" height=\"25\" src=\"https:\/\/ha.hainaut.be\/resultats\/wp-content\/uploads\/2023\/01\/icone_mail.png\" alt=\"\" class=\"wp-image-245\"\/><\/figure>\n<\/div>\n\n\n\n<div class=\"wp-block-column is-layout-flow wp-block-column-is-layout-flow\" style=\"padding-top:var(--wp--preset--spacing--30);padding-right:var(--wp--preset--spacing--30);padding-bottom:var(--wp--preset--spacing--30);padding-left:var(--wp--preset--spacing--30);flex-basis:66.66%\">\n<p class=\"has-base-color has-text-color has-link-color wp-elements-1d14e0989acd4ff0fb725a0ee3adcbdf\">Mail : <a href=\"mailto:ha.hsda@hainaut.be\">ha.hsda@hainaut.be<\/a><\/p>\n<\/div>\n<\/div>\n\n\n\n<div class=\"wp-block-columns alignwide is-layout-flex wp-container-core-columns-is-layout-28f84493 wp-block-columns-is-layout-flex\" style=\"border-top-right-radius:15px;border-bottom-right-radius:15px\">\n<div class=\"wp-block-column dgsi-radius-left-bottom has-secondary-background-color has-background is-layout-flow wp-block-column-is-layout-flow\" style=\"padding-top:var(--wp--preset--spacing--30);padding-right:0;padding-bottom:var(--wp--preset--spacing--30);padding-left:0;flex-basis:33.33%\">\n<figure class=\"wp-block-image aligncenter size-full\"><img loading=\"lazy\" decoding=\"async\" width=\"29\" height=\"29\" src=\"https:\/\/ha.hainaut.be\/resultats\/wp-content\/uploads\/2023\/01\/icone_phone.png\" alt=\"\" class=\"wp-image-247\"\/><\/figure>\n<\/div>\n\n\n\n<div class=\"wp-block-column is-vertically-aligned-top is-layout-flow wp-block-column-is-layout-flow\" style=\"padding-top:var(--wp--preset--spacing--30);padding-right:var(--wp--preset--spacing--30);padding-bottom:var(--wp--preset--spacing--30);padding-left:var(--wp--preset--spacing--30);flex-basis:66.66%\">\n<p class=\"has-base-color has-text-color has-link-color wp-elements-bc5d6613276744c5db10127e432f9f09\">Tel : <a href=\"tel:065\/40.36.76\">065\/40.36.76<\/a><\/p>\n<\/div>\n<\/div>\n<\/div>\n<\/div>\n","protected":false},"excerpt":{"rendered":"<p>HAINAUT ANALYSES R\u00e9sultats d&rsquo;analyses Interpr\u00e9tation des r\u00e9sultats d\u2019analyses Toute entreprise se doit de ma\u00eetriser la qualit\u00e9 de ses produits et de l\u2019eau qu\u2019elle utilise tout au long de sa cha\u00eene de production. Les analyses r\u00e9alis\u00e9es au sein de nos laboratoires vous permettent, notamment, d\u2019\u00e9valuer la qualit\u00e9 des \u00e9chantillons que vous nous confiez. Des crit\u00e8res ou [&hellip;]<\/p>\n","protected":false},"author":1,"featured_media":0,"parent":0,"menu_order":0,"comment_status":"closed","ping_status":"closed","template":"","meta":{"_acf_changed":false,"_uag_custom_page_level_css":"","footnotes":""},"class_list":["post-14","page","type-page","status-publish","hentry"],"acf":[],"uagb_featured_image_src":{"full":false,"thumbnail":false,"medium":false,"medium_large":false,"large":false,"1536x1536":false,"2048x2048":false},"uagb_author_info":{"display_name":"support-web","author_link":"https:\/\/ha.hainaut.be\/resultats\/author\/support-web\/"},"uagb_comment_info":0,"uagb_excerpt":"HAINAUT ANALYSES R\u00e9sultats d&rsquo;analyses Interpr\u00e9tation des r\u00e9sultats d\u2019analyses Toute entreprise se doit de ma\u00eetriser la qualit\u00e9 de ses produits et de l\u2019eau qu\u2019elle utilise tout au long de sa cha\u00eene de production. Les analyses r\u00e9alis\u00e9es au sein de nos laboratoires vous permettent, notamment, d\u2019\u00e9valuer la qualit\u00e9 des \u00e9chantillons que vous nous confiez. Des crit\u00e8res ou\u2026","_links":{"self":[{"href":"https:\/\/ha.hainaut.be\/resultats\/wp-json\/wp\/v2\/pages\/14","targetHints":{"allow":["GET"]}}],"collection":[{"href":"https:\/\/ha.hainaut.be\/resultats\/wp-json\/wp\/v2\/pages"}],"about":[{"href":"https:\/\/ha.hainaut.be\/resultats\/wp-json\/wp\/v2\/types\/page"}],"author":[{"embeddable":true,"href":"https:\/\/ha.hainaut.be\/resultats\/wp-json\/wp\/v2\/users\/1"}],"replies":[{"embeddable":true,"href":"https:\/\/ha.hainaut.be\/resultats\/wp-json\/wp\/v2\/comments?post=14"}],"version-history":[{"count":2,"href":"https:\/\/ha.hainaut.be\/resultats\/wp-json\/wp\/v2\/pages\/14\/revisions"}],"predecessor-version":[{"id":1324,"href":"https:\/\/ha.hainaut.be\/resultats\/wp-json\/wp\/v2\/pages\/14\/revisions\/1324"}],"wp:attachment":[{"href":"https:\/\/ha.hainaut.be\/resultats\/wp-json\/wp\/v2\/media?parent=14"}],"curies":[{"name":"wp","href":"https:\/\/api.w.org\/{rel}","templated":true}]}}